{"id":63,"date":"2021-02-08T09:03:36","date_gmt":"2021-02-08T09:03:36","guid":{"rendered":"https:\/\/ladenburger.digital-bewerbung.de\/?page_id=63"},"modified":"2021-02-08T09:04:47","modified_gmt":"2021-02-08T09:04:47","slug":"impressum","status":"publish","type":"page","link":"https:\/\/ladenburger.digital-bewerbung.de\/?page_id=63","title":{"rendered":"Impressum"},"content":{"rendered":"\t\t<div data-elementor-type=\"wp-page\" data-elementor-id=\"63\" class=\"elementor elementor-63\">\n\t\t\t\t\t\t<section class=\"elementor-section elementor-top-section elementor-element elementor-element-914404f elementor-section-boxed elementor-section-height-default elementor-section-height-default\" data-id=\"914404f\" data-element_type=\"section\" data-e-type=\"section\">\n\t\t\t\t\t\t<div class=\"elementor-container elementor-column-gap-default\">\n\t\t\t\t\t<div class=\"elementor-column elementor-col-100 elementor-top-column elementor-element elementor-element-7880e69\" data-id=\"7880e69\" data-element_type=\"column\" data-e-type=\"column\">\n\t\t\t<div class=\"elementor-widget-wrap elementor-element-populated\">\n\t\t\t\t\t\t\t<\/div>\n\t\t<\/div>\n\t\t\t\t\t<\/div>\n\t\t<\/section>\n\t\t\t\t<section class=\"elementor-section elementor-top-section elementor-element elementor-element-0664c7d elementor-section-boxed elementor-section-height-default elementor-section-height-default\" data-id=\"0664c7d\" data-element_type=\"section\" data-e-type=\"section\">\n\t\t\t\t\t\t<div class=\"elementor-container elementor-column-gap-default\">\n\t\t\t\t\t<div class=\"elementor-column elementor-col-100 elementor-top-column elementor-element elementor-element-91fe1bd\" data-id=\"91fe1bd\" data-element_type=\"column\" data-e-type=\"column\">\n\t\t\t<div class=\"elementor-widget-wrap elementor-element-populated\">\n\t\t\t\t\t\t<div class=\"elementor-element elementor-element-bdbb8d5 elementor-widget elementor-widget-text-editor\" data-id=\"bdbb8d5\" data-element_type=\"widget\" data-e-type=\"widget\" data-widget_type=\"text-editor.default\">\n\t\t\t\t<div class=\"elementor-widget-container\">\n\t\t\t\t\t\t\t\t\t<h1>Impressum<\/h1><p><strong>Firmenbezeichnung:<\/strong><br \/>Ladenburger GmbH<\/p><p><strong>Anschrift:<\/strong><br \/>Zur Walkm\u00fchle 1-5<br \/>73441<br \/>Bopfingen-Aufhausen<\/p><p><strong>Erreichbarkeiten:<\/strong><br \/>Tel. +49 (0) 7362 &#8211; 9605 &#8211; 0<br \/>Fax. +49 (0) 7362 &#8211; 9605 &#8211; 200<br \/>E-Mail:\u00a0<span id=\"cloak931f31da792c033bafddf97745e6196c\"><span id=\"cloak02a2e7fd93b4d94f09c7406be3bff6e3\"><a href=\"mailto:info@ladenburger.de\">info@ladenburger.de<\/a><\/span><\/span><br \/>Internet:\u00a0<a href=\"http:\/\/www.ladenburger.de\/\">www.ladenburger.de<\/a><\/p><p><strong>Vertretungsberechtigte Gesch\u00e4ftsf\u00fchrer:<br \/><\/strong>Viktor Ladenburger<br \/>Markus Hauber<br \/>Klaus Brodbeil<br \/>Steffen H\u00e4u\u00dflein<strong><br \/><\/strong><\/p><p><strong>Firmensitz:<\/strong><br \/>Bopfingen-Aufhausen<br \/>Registergericht: Amtsgericht Ulm<br \/>Registernummer: HRB 520023<br \/>USt.-Id.Nr. DE 811251838<\/p><h4>Haftungshinweis<\/h4><p>Rechte vorbehalten. Die dargestellten Informationen sind Eigentum der Holzwerke Ladenburger GmbH. Sie stellen die zum Zeitpunkt der Publikation jeweils neusten Informationen dar. Eine Haftung oder Garantie f\u00fcr die Aktualit\u00e4t, Richtigkeit und Vollst\u00e4ndigkeit der zur Verf\u00fcgung gestellten Informationen und Daten ist ausgeschlossen. Dies gilt ebenso f\u00fcr alle anderen Webseiten, auf die mittels eines externen Hyperlinks verwiesen wird. F\u00fcr den Inhalt solcher Webseiten ist Holzwerke Ladenburger GmbH ebenfalls nicht verantwortlich.<\/p><p>Die Inhalte der gesamten Website Holzwerke Ladenburger GmbH sind urheberrechtlich gesch\u00fctzt. Die Inhalte d\u00fcrfen weder ganz noch teilweise ohne vorherige schriftliche Genehmigung des Urhebers vervielf\u00e4ltigt und\/oder ver\u00f6ffentlicht oder in einem anderen Informationssystem gespeichert werden.<br \/>\u00a0<br \/>Die Informationen auf den Webseiten stellen in keinem Fall rechtliche Zusicherungen dar. Die Ladenburger Holzwerke GmbH beh\u00e4lt sich das Recht vor, bei Bedarf \u00c4nderungen und\/oder Erg\u00e4nzungen der bereitgestellten Informationen oder Daten durchzuf\u00fchren. Aus den hier beschriebenen Themenbereichen k\u00f6nnen keine Rechtsanspr\u00fcche abgeleitet werden. Angebote sind in allen Teilen ausschlie\u00dflich unverbindlich.<\/p><h4>Hinweis nach dem Verbraucherstreitbeilegungsgesetz:<\/h4><p>Wir werden nicht an einem Streitbeilegungsverfahren vor einer Verbraucherschlichtungsstelle im Sinne des Verbraucherstreitbeilegungsgesetzes teilnehmen und sind hierzu auch nicht verpflichtet.<\/p><h4>Fotonachweis<\/h4><p>F\u00fcr www.ladenburger.de und deren Unterseiten sind Fotos und Illustrationen der nachfolgenden Fotografen, Bilddatenbanken und Bildagenturen verwendet worden:<\/p><p>\u00a0<\/p><h4>HolzArt Ausstellung<\/h4><ul><li>\u00a9 Phil_Good \/ Fotolia<\/li><li>\u00a9 alexandre zveiger \/ Shutterstock<\/li><li>\u00a9 PlusONE \/ Shutterstock<\/li><li>\u00a9 mekcar \/ Shutterstock<\/li><li>\u00a9 Breadmaker \/ Shutterstock<\/li><li>\u00a9 mtlapcevic \/ Shutterstock<\/li><li>\u00a9 2M media \/ Shutterstock<\/li><li>\u00a9 MR. INTERIOR \/ Shutterstock<\/li><li>\u00a9 Tr1sha \/ Shutterstock<\/li><li>\u00a9 jovana veljkovic \/ Shutterstock<\/li><li>\u00a9 KUPRYNENKO ANDRII \/ Shutterstock<\/li><li>\u00a9 design.at.krooogle \/ Shutterstock<\/li><li>\u00a9 ImageFlow \/ Shutterstock<\/li><li>\u00a9 jpeter2, Clive Johnson \/ Pixabay<\/li><li>\u00a9 Unsplash \/ Pixabay<\/li><li>\u00a9 Jaromir Chalabala \/ Shutterstock<\/li><\/ul><h4>Studioline Ausstellung<\/h4><ul><li>\u00a9 Aleks Kend \/ Fotolia<\/li><li>\u00a9 Photographee.eu \/ Fotolia<\/li><li>\u00a9 F.Schmidt \/ Fotolia<\/li><li>\u00a9 KB3 \/ Fotolia<\/li><li>\u00a9 XtravaganT \/ Fotolia<\/li><\/ul><h4>Fassaden \/ Fassadenkonfigurator<\/h4><ul><li>\u00a9 KB3 Doppelhaus modern 2 \/ Fotolia<\/li><li>\u00a9 KB3 Einfamilienhaus mit Wintergarten \/ Fotolia<\/li><li>\u00a9 KB3 Haus Klassik mit Garage \/ Fotolia<\/li><li>\u00a9 KB3 Haus Anbau mit Pool \/ Fotolia<\/li><li>\u00a9 KB3 MFH mit Staffel weiss \/ Fotolia<\/li><li>\u00a9 KB3 EFH 5 weiss \/ Fotolia<\/li><li>\u00a9 KB3 Haus Kubus mit Holzelementen \/ Fotolia<\/li><\/ul><h4>Design, Produkte, Video, Konzeption &amp; Fotografie:<\/h4><p>Projektteam \u2013 Fachagentur f\u00fcr Bildsprache<br \/>Umsetzung innovativer Grafik &amp; Designanspr\u00fcche<br \/>Webdesign \u00b7 Grafik Design (DTP) \u00b7 Photographie \u00b7 Multimedia \u00b7 Illustration \u00b7 Marketing \u00b7 Beratung<br \/>Mehr Informationen unter:\u00a0<a href=\"http:\/\/www.projektteam.com\/\" target=\"_blank\" rel=\"noopener\">www.projektteam.com<\/a><\/p>\t\t\t\t\t\t\t\t<\/div>\n\t\t\t\t<\/div>\n\t\t\t\t\t<\/div>\n\t\t<\/div>\n\t\t\t\t\t<\/div>\n\t\t<\/section>\n\t\t\t\t<\/div>\n\t\t","protected":false},"excerpt":{"rendered":"<p>Impressum Firmenbezeichnung:Ladenburger GmbH Anschrift:Zur Walkm\u00fchle 1-573441Bopfingen-Aufhausen Erreichbarkeiten:Tel. +49 (0) 7362 &#8211; 9605 &#8211; 0Fax. +49 (0) 7362 &#8211; 9605 &#8211; 200E-Mail:\u00a0info@ladenburger.deInternet:\u00a0www.ladenburger.de Vertretungsberechtigte Gesch\u00e4ftsf\u00fchrer:Viktor LadenburgerMarkus HauberKlaus BrodbeilSteffen H\u00e4u\u00dflein Firmensitz:Bopfingen-AufhausenRegistergericht: Amtsgericht UlmRegisternummer: HRB 520023USt.-Id.Nr. DE 811251838 Haftungshinweis Rechte vorbehalten. Die dargestellten Informationen sind Eigentum der Holzwerke Ladenburger GmbH. Sie stellen die zum Zeitpunkt der Publikation jeweils neusten &hellip; <\/p>\n<p class=\"link-more\"><a href=\"https:\/\/ladenburger.digital-bewerbung.de\/?page_id=63\" class=\"more-link\"><span class=\"screen-reader-text\">\u201eImpressum\u201c <\/span>weiterlesen<\/a><\/p>\n","protected":false},"author":1,"featured_media":0,"parent":0,"menu_order":0,"comment_status":"closed","ping_status":"closed","template":"elementor_canvas","meta":{"footnotes":""},"class_list":["post-63","page","type-page","status-publish","hentry","entry"],"_links":{"self":[{"href":"https:\/\/ladenburger.digital-bewerbung.de\/index.php?rest_route=\/wp\/v2\/pages\/63","targetHints":{"allow":["GET"]}}],"collection":[{"href":"https:\/\/ladenburger.digital-bewerbung.de\/index.php?rest_route=\/wp\/v2\/pages"}],"about":[{"href":"https:\/\/ladenburger.digital-bewerbung.de\/index.php?rest_route=\/wp\/v2\/types\/page"}],"author":[{"embeddable":true,"href":"https:\/\/ladenburger.digital-bewerbung.de\/index.php?rest_route=\/wp\/v2\/users\/1"}],"replies":[{"embeddable":true,"href":"https:\/\/ladenburger.digital-bewerbung.de\/index.php?rest_route=%2Fwp%2Fv2%2Fcomments&post=63"}],"version-history":[{"count":4,"href":"https:\/\/ladenburger.digital-bewerbung.de\/index.php?rest_route=\/wp\/v2\/pages\/63\/revisions"}],"predecessor-version":[{"id":67,"href":"https:\/\/ladenburger.digital-bewerbung.de\/index.php?rest_route=\/wp\/v2\/pages\/63\/revisions\/67"}],"wp:attachment":[{"href":"https:\/\/ladenburger.digital-bewerbung.de\/index.php?rest_route=%2Fwp%2Fv2%2Fmedia&parent=63"}],"curies":[{"name":"wp","href":"https:\/\/api.w.org\/{rel}","templated":true}]}}